{"id":5325,"date":"2024-03-28T02:37:55","date_gmt":"2024-03-28T07:37:55","guid":{"rendered":"https:\/\/glassupply.dev\/product\/gs-2205-duplex-stainless-steel-surface-mount-spigot\/"},"modified":"2025-06-03T06:53:12","modified_gmt":"2025-06-03T11:53:12","slug":"gs-2205-duplex-stainless-steel-surface-mount-spigot","status":"publish","type":"product","link":"https:\/\/glassupply.dev\/fr\/produit\/gs-2205-duplex-stainless-steel-surface-mount-spigot\/","title":{"rendered":"GS 2205 Duplex en acier inoxydable Embout pour montage en surface"},"content":{"rendered":"","protected":false},"excerpt":{"rendered":"<p>Nous vous pr\u00e9sentons notre embout de montage en surface en acier inoxydable Duplex GS 2205 avec vis de r\u00e9glage de niveau, con\u00e7u pour simplifier l&rsquo;installation de panneaux de verre, y compris sur des surfaces horizontales irr\u00e9guli\u00e8res.<\/p>\n<p>Notre embout pour montage en surface comprend plusieurs \u00e9paisseurs de joints qui peuvent s&rsquo;adapter \u00e0 des panneaux de verre d&rsquo;une \u00e9paisseur allant de \u215c \u00bb pouce (10 mm) \u00e0 9\/16 pouce (13,5 mm).<\/p>\n<p>Notre fente en U \u00e9largie, de conception unique, distingue notre Spigot des autres sur le march\u00e9 en rendant l&rsquo;installation plus facile que jamais. Gr\u00e2ce \u00e0 la fente \u00e9largie, l&rsquo;alignement se fait sans effort. Il suffit d&rsquo;ins\u00e9rer le verre et de l&rsquo;ajuster selon les besoins, \u00e0 l&rsquo;aide du joint fourni. (Pour un verre de 12 mm, un seul joint est n\u00e9cessaire.) Ensuite, serrez la vis \u00e0 six pans creux en place.<\/p>\n<p>L&rsquo;ajout d&rsquo;un dispositif de mise \u00e0 la terre sur la base de l&#8217;embout garantit la conformit\u00e9 avec les exigences sp\u00e9cifiques de mise \u00e0 la terre.<\/p>\n<p>\u00c9quip\u00e9 de quatre vis de r\u00e9glage de niveau et d&rsquo;une plaque en acier inoxydable, cet embout simplifie l&rsquo;alignement et la mise \u00e0 niveau de plusieurs panneaux de verre sans effort. Notre nouvelle plaque de pression r\u00e9glable simplifie l&rsquo;aplomb du verre &#8211; serrez la vis sans t\u00eate sup\u00e9rieure pour incliner le verre vers l&rsquo;int\u00e9rieur et la vis sans t\u00eate inf\u00e9rieure pour l&rsquo;incliner vers l&rsquo;ext\u00e9rieur.<\/p>\n<p>En outre, la rampe peut \u00eatre cal\u00e9e au niveau du verre pour en r\u00e9gler la hauteur. Chaque paquet comprend des cales de r\u00e9glage, ce qui permet d&rsquo;ajuster la hauteur du verre jusqu&rsquo;\u00e0 \u00bd \u00bb.<\/p>\n<p>Fabriqu\u00e9 \u00e0 partir d&rsquo;un alliage d&rsquo;acier inoxydable Duplex 2205 de la plus haute qualit\u00e9, cet alliage anticorrosion de qualit\u00e9 marine est r\u00e9put\u00e9 pour sa solidit\u00e9 sup\u00e9rieure et sa r\u00e9sistance \u00e0 la corrosion dans les environnements ext\u00e9rieurs difficiles. Nous sommes fiers de fournir la meilleure qualit\u00e9 d&rsquo;acier inoxydable sur le march\u00e9. Notre acier inoxydable Duplex 2205, alli\u00e9 \u00e0 22 % de chrome, 3 % de molybd\u00e8ne et 5 \u00e0 6 % de nickel, offre une r\u00e9sistance sup\u00e9rieure \u00e0 la corrosion et une limite d&rsquo;\u00e9lasticit\u00e9 plus de deux fois sup\u00e9rieure \u00e0 celle de l&rsquo;acier inoxydable aust\u00e9nitique standard.<\/p>\n<p>Nos syst\u00e8mes de garde-corps en verre sans cadre sont con\u00e7us pour offrir une s\u00e9curit\u00e9 maximale, et nous avons pris toutes les mesures n\u00e9cessaires pour nous assurer qu&rsquo;ils respectent ou d\u00e9passent les normes d&rsquo;ing\u00e9nierie les plus strictes. L&#8217;embout en acier inoxydable Duplex GS 2205 avec vis de r\u00e9glage de niveau a \u00e9t\u00e9 soumis \u00e0 des tests rigoureux et a pass\u00e9 avec succ\u00e8s les tests de charge d&rsquo;ing\u00e9nierie pour de nombreux codes de construction. Vous pouvez avoir confiance en la qualit\u00e9 et la fiabilit\u00e9 de nos produits. Contactez-nous d\u00e8s aujourd&rsquo;hui pour plus d&rsquo;informations et faites le premier pas vers l&rsquo;am\u00e9lioration de votre syst\u00e8me de garde-corps pour atteindre le plus haut niveau de s\u00fbret\u00e9 et de s\u00e9curit\u00e9.<\/p>\n<p>Choisissez entre une finition en acier inoxydable poli (bross\u00e9) ou une finition lisse en noir mat, avec un rev\u00eatement en poudre appliqu\u00e9 \u00e9lectrostatiquement et durci au four pour une surface r\u00e9sistante aux rayures et prot\u00e9g\u00e9e contre les intemp\u00e9ries. Id\u00e9al pour les applications int\u00e9rieures et ext\u00e9rieures, il offre une excellente r\u00e9sistance \u00e0 la corrosion, ce qui le rend parfait pour les structures pr\u00e9sentant un degr\u00e9 \u00e9lev\u00e9 de corrosion, telles que les r\u00e9gions c\u00f4ti\u00e8res et les piscines.<\/p>\n<p>Am\u00e9liorez votre installation de panneaux de verre avec notre embout de montage en surface en acier inoxydable Duplex GS 2205 avec vis de r\u00e9glage de niveau, la combinaison parfaite de la fonctionnalit\u00e9 et du style.<\/p>\n<h2>CARACT\u00c9RISTIQUES TECHNIQUES<\/h2>\n<table>\n<tbody>\n<tr>\n<td><b>Safety Glass Thickness<\/b><\/td>\n<td><span style=\"font-weight: 400;\">3\/8\u201d (10 mm) to 9\/16\u201d (13.5 mm) glass panels<\/span><\/td>\n<\/tr>\n<tr>\n<td><b>Color\/Finish<\/b><\/td>\n<td><span style=\"font-weight: 400;\">Polished Stainless Steel, Matte Black<\/span><\/td>\n<\/tr>\n<tr>\n<td><b>Manufacturing Material<\/b><\/td>\n<td><span style=\"font-weight: 400;\">Duplex 2205 Stainless Steel<\/span><\/td>\n<\/tr>\n<tr>\n<td><b>Recommended Location Usage<\/b><\/td>\n<td><span style=\"font-weight: 400;\">Interior, Exterior<\/span><\/td>\n<\/tr>\n<\/tbody>\n<\/table>\n<p>&nbsp;<\/p>\n","protected":false},"featured_media":5295,"comment_status":"closed","ping_status":"closed","template":"","meta":{"_acf_changed":false,"_crosspost_to_5":false,"_crosspost_to_6":false,"_crosspost_to_8":false,"inline_featured_image":false},"product_brand":[],"product_cat":[130],"product_tag":[],"class_list":{"0":"post-5325","1":"product","2":"type-product","3":"status-publish","4":"has-post-thumbnail","6":"product_cat-railing-system-fr","8":"first","9":"instock","10":"taxable","11":"shipping-taxable","12":"purchasable","13":"product-type-variable"},"acf":[],"yoast_head":"<!-- This site is optimized with the Yoast SEO plugin v27.4 - https:\/\/yoast.com\/product\/yoast-seo-wordpress\/ -->\n<title>GS 2205 Duplex en acier inoxydable Embout pour montage en surface - Glassupply.com<\/title>\n<meta name=\"robots\" content=\"noindex, follow, max-snippet:-1, max-image-preview:large, max-video-preview:-1\" \/>\n<meta property=\"og:locale\" content=\"fr_FR\" \/>\n<meta property=\"og:type\" content=\"article\" \/>\n<meta property=\"og:title\" content=\"GS 2205 Duplex en acier inoxydable Embout pour montage en surface - Glassupply.com\" \/>\n<meta property=\"og:description\" content=\"Nous vous pr\u00e9sentons notre embout de montage en surface en acier inoxydable Duplex GS 2205 avec vis de r\u00e9glage de niveau, con\u00e7u pour simplifier l&#039;installation de panneaux de verre, y compris sur des surfaces horizontales irr\u00e9guli\u00e8res.  Notre embout pour montage en surface comprend plusieurs \u00e9paisseurs de joints qui peuvent s&#039;adapter \u00e0 des panneaux de verre d&#039;une \u00e9paisseur allant de \u215c \u00bb pouce (10 mm) \u00e0 9\/16 pouce (13,5 mm).  Notre fente en U \u00e9largie, de conception unique, distingue notre Spigot des autres sur le march\u00e9 en rendant l&#039;installation plus facile que jamais. Gr\u00e2ce \u00e0 la fente \u00e9largie, l&#039;alignement se fait sans effort. Il suffit d&#039;ins\u00e9rer le verre et de l&#039;ajuster selon les besoins, \u00e0 l&#039;aide du joint fourni. (Pour un verre de 12 mm, un seul joint est n\u00e9cessaire.) Ensuite, serrez la vis \u00e0 six pans creux en place.  L&#039;ajout d&#039;un dispositif de mise \u00e0 la terre sur la base de l&#039;embout garantit la conformit\u00e9 avec les exigences sp\u00e9cifiques de mise \u00e0 la terre.  \u00c9quip\u00e9 de quatre vis de r\u00e9glage de niveau et d&#039;une plaque en acier inoxydable, cet embout simplifie l&#039;alignement et la mise \u00e0 niveau de plusieurs panneaux de verre sans effort. Notre nouvelle plaque de pression r\u00e9glable simplifie l&#039;aplomb du verre - serrez la vis sans t\u00eate sup\u00e9rieure pour incliner le verre vers l&#039;int\u00e9rieur et la vis sans t\u00eate inf\u00e9rieure pour l&#039;incliner vers l&#039;ext\u00e9rieur.  En outre, la rampe peut \u00eatre cal\u00e9e au niveau du verre pour en r\u00e9gler la hauteur. Chaque paquet comprend des cales de r\u00e9glage, ce qui permet d&#039;ajuster la hauteur du verre jusqu&#039;\u00e0 \u00bd \u00bb.  Fabriqu\u00e9 \u00e0 partir d&#039;un alliage d&#039;acier inoxydable Duplex 2205 de la plus haute qualit\u00e9, cet alliage anticorrosion de qualit\u00e9 marine est r\u00e9put\u00e9 pour sa solidit\u00e9 sup\u00e9rieure et sa r\u00e9sistance \u00e0 la corrosion dans les environnements ext\u00e9rieurs difficiles. Nous sommes fiers de fournir la meilleure qualit\u00e9 d&#039;acier inoxydable sur le march\u00e9. Notre acier inoxydable Duplex 2205, alli\u00e9 \u00e0 22 % de chrome, 3 % de molybd\u00e8ne et 5 \u00e0 6 % de nickel, offre une r\u00e9sistance sup\u00e9rieure \u00e0 la corrosion et une limite d&#039;\u00e9lasticit\u00e9 plus de deux fois sup\u00e9rieure \u00e0 celle de l&#039;acier inoxydable aust\u00e9nitique standard.  Nos syst\u00e8mes de garde-corps en verre sans cadre sont con\u00e7us pour offrir une s\u00e9curit\u00e9 maximale, et nous avons pris toutes les mesures n\u00e9cessaires pour nous assurer qu&#039;ils respectent ou d\u00e9passent les normes d&#039;ing\u00e9nierie les plus strictes. L&#039;embout en acier inoxydable Duplex GS 2205 avec vis de r\u00e9glage de niveau a \u00e9t\u00e9 soumis \u00e0 des tests rigoureux et a pass\u00e9 avec succ\u00e8s les tests de charge d&#039;ing\u00e9nierie pour de nombreux codes de construction. Vous pouvez avoir confiance en la qualit\u00e9 et la fiabilit\u00e9 de nos produits. Contactez-nous d\u00e8s aujourd&#039;hui pour plus d&#039;informations et faites le premier pas vers l&#039;am\u00e9lioration de votre syst\u00e8me de garde-corps pour atteindre le plus haut niveau de s\u00fbret\u00e9 et de s\u00e9curit\u00e9.  Choisissez entre une finition en acier inoxydable poli (bross\u00e9) ou une finition lisse en noir mat, avec un rev\u00eatement en poudre appliqu\u00e9 \u00e9lectrostatiquement et durci au four pour une surface r\u00e9sistante aux rayures et prot\u00e9g\u00e9e contre les intemp\u00e9ries. Id\u00e9al pour les applications int\u00e9rieures et ext\u00e9rieures, il offre une excellente r\u00e9sistance \u00e0 la corrosion, ce qui le rend parfait pour les structures pr\u00e9sentant un degr\u00e9 \u00e9lev\u00e9 de corrosion, telles que les r\u00e9gions c\u00f4ti\u00e8res et les piscines.  Am\u00e9liorez votre installation de panneaux de verre avec notre embout de montage en surface en acier inoxydable Duplex GS 2205 avec vis de r\u00e9glage de niveau, la combinaison parfaite de la fonctionnalit\u00e9 et du style. CARACT\u00c9RISTIQUES TECHNIQUES    Safety Glass Thickness 3\/8\u201d (10 mm) to 9\/16\u201d (13.5 mm) glass panels   Color\/Finish Polished Stainless Steel, Matte Black   Manufacturing Material Duplex 2205 Stainless Steel   Recommended Location Usage Interior, Exterior    &nbsp;\" \/>\n<meta property=\"og:url\" content=\"https:\/\/glassupply.dev\/fr\/produit\/gs-2205-duplex-stainless-steel-surface-mount-spigot\/\" \/>\n<meta property=\"og:site_name\" content=\"Glassupply.com\" \/>\n<meta property=\"article:modified_time\" content=\"2025-06-03T11:53:12+00:00\" \/>\n<meta property=\"og:image\" content=\"https:\/\/glassupply.dev\/wp-content\/uploads\/2024\/03\/R-SP-2205-1SS_2-1.webp\" \/>\n\t<meta property=\"og:image:width\" content=\"2000\" \/>\n\t<meta property=\"og:image:height\" content=\"2000\" \/>\n\t<meta property=\"og:image:type\" content=\"image\/webp\" \/>\n<meta name=\"twitter:card\" content=\"summary_large_image\" \/>\n<meta name=\"twitter:label1\" content=\"Dur\u00e9e de lecture estim\u00e9e\" \/>\n\t<meta name=\"twitter:data1\" content=\"1 minute\" \/>\n<script type=\"application\/ld+json\" class=\"yoast-schema-graph\">{\"@context\":\"https:\\\/\\\/schema.org\",\"@graph\":[{\"@type\":[\"WebPage\",\"ItemPage\"],\"@id\":\"https:\\\/\\\/glassupply.dev\\\/fr\\\/produit\\\/gs-2205-duplex-stainless-steel-surface-mount-spigot\\\/\",\"url\":\"https:\\\/\\\/glassupply.dev\\\/fr\\\/produit\\\/gs-2205-duplex-stainless-steel-surface-mount-spigot\\\/\",\"name\":\"GS 2205 Duplex en acier inoxydable Embout pour montage en surface - Glassupply.com\",\"isPartOf\":{\"@id\":\"https:\\\/\\\/glassupply.dev\\\/#website\"},\"primaryImageOfPage\":{\"@id\":\"https:\\\/\\\/glassupply.dev\\\/fr\\\/produit\\\/gs-2205-duplex-stainless-steel-surface-mount-spigot\\\/#primaryimage\"},\"image\":{\"@id\":\"https:\\\/\\\/glassupply.dev\\\/fr\\\/produit\\\/gs-2205-duplex-stainless-steel-surface-mount-spigot\\\/#primaryimage\"},\"thumbnailUrl\":\"https:\\\/\\\/glassupply.dev\\\/wp-content\\\/uploads\\\/2024\\\/03\\\/R-SP-2205-1SS_2-1.webp\",\"datePublished\":\"2024-03-28T07:37:55+00:00\",\"dateModified\":\"2025-06-03T11:53:12+00:00\",\"breadcrumb\":{\"@id\":\"https:\\\/\\\/glassupply.dev\\\/fr\\\/produit\\\/gs-2205-duplex-stainless-steel-surface-mount-spigot\\\/#breadcrumb\"},\"inLanguage\":\"fr-FR\",\"potentialAction\":[{\"@type\":\"ReadAction\",\"target\":[\"https:\\\/\\\/glassupply.dev\\\/fr\\\/produit\\\/gs-2205-duplex-stainless-steel-surface-mount-spigot\\\/\"]}]},{\"@type\":\"ImageObject\",\"inLanguage\":\"fr-FR\",\"@id\":\"https:\\\/\\\/glassupply.dev\\\/fr\\\/produit\\\/gs-2205-duplex-stainless-steel-surface-mount-spigot\\\/#primaryimage\",\"url\":\"https:\\\/\\\/glassupply.dev\\\/wp-content\\\/uploads\\\/2024\\\/03\\\/R-SP-2205-1SS_2-1.webp\",\"contentUrl\":\"https:\\\/\\\/glassupply.dev\\\/wp-content\\\/uploads\\\/2024\\\/03\\\/R-SP-2205-1SS_2-1.webp\",\"width\":2000,\"height\":2000},{\"@type\":\"BreadcrumbList\",\"@id\":\"https:\\\/\\\/glassupply.dev\\\/fr\\\/produit\\\/gs-2205-duplex-stainless-steel-surface-mount-spigot\\\/#breadcrumb\",\"itemListElement\":[{\"@type\":\"ListItem\",\"position\":1,\"name\":\"Home\",\"item\":\"https:\\\/\\\/glassupply.dev\\\/fr\\\/\"},{\"@type\":\"ListItem\",\"position\":2,\"name\":\"Shop\",\"item\":\"https:\\\/\\\/glassupply.dev\\\/fr\\\/shop\\\/\"},{\"@type\":\"ListItem\",\"position\":3,\"name\":\"GS 2205 Duplex en acier inoxydable Embout pour montage en surface\"}]},{\"@type\":\"WebSite\",\"@id\":\"https:\\\/\\\/glassupply.dev\\\/#website\",\"url\":\"https:\\\/\\\/glassupply.dev\\\/\",\"name\":\"Glassupply.com\",\"description\":\"From the manufacturer to your doorstep\",\"publisher\":{\"@id\":\"https:\\\/\\\/glassupply.dev\\\/#organization\"},\"potentialAction\":[{\"@type\":\"SearchAction\",\"target\":{\"@type\":\"EntryPoint\",\"urlTemplate\":\"https:\\\/\\\/glassupply.dev\\\/?s={search_term_string}\"},\"query-input\":{\"@type\":\"PropertyValueSpecification\",\"valueRequired\":true,\"valueName\":\"search_term_string\"}}],\"inLanguage\":\"fr-FR\"},{\"@type\":\"Organization\",\"@id\":\"https:\\\/\\\/glassupply.dev\\\/#organization\",\"name\":\"Glassupply.com\",\"url\":\"https:\\\/\\\/glassupply.dev\\\/\",\"logo\":{\"@type\":\"ImageObject\",\"inLanguage\":\"fr-FR\",\"@id\":\"https:\\\/\\\/glassupply.dev\\\/#\\\/schema\\\/logo\\\/image\\\/\",\"url\":\"https:\\\/\\\/glassupply.dev\\\/wp-content\\\/uploads\\\/2023\\\/07\\\/logo.svg\",\"contentUrl\":\"https:\\\/\\\/glassupply.dev\\\/wp-content\\\/uploads\\\/2023\\\/07\\\/logo.svg\",\"width\":310,\"height\":24,\"caption\":\"Glassupply.com\"},\"image\":{\"@id\":\"https:\\\/\\\/glassupply.dev\\\/#\\\/schema\\\/logo\\\/image\\\/\"}}]}<\/script>\n<!-- \/ Yoast SEO plugin. -->","yoast_head_json":{"title":"GS 2205 Duplex en acier inoxydable Embout pour montage en surface - Glassupply.com","robots":{"index":"noindex","follow":"follow","max-snippet":"max-snippet:-1","max-image-preview":"max-image-preview:large","max-video-preview":"max-video-preview:-1"},"og_locale":"fr_FR","og_type":"article","og_title":"GS 2205 Duplex en acier inoxydable Embout pour montage en surface - Glassupply.com","og_description":"Nous vous pr\u00e9sentons notre embout de montage en surface en acier inoxydable Duplex GS 2205 avec vis de r\u00e9glage de niveau, con\u00e7u pour simplifier l'installation de panneaux de verre, y compris sur des surfaces horizontales irr\u00e9guli\u00e8res.  Notre embout pour montage en surface comprend plusieurs \u00e9paisseurs de joints qui peuvent s'adapter \u00e0 des panneaux de verre d'une \u00e9paisseur allant de \u215c \u00bb pouce (10 mm) \u00e0 9\/16 pouce (13,5 mm).  Notre fente en U \u00e9largie, de conception unique, distingue notre Spigot des autres sur le march\u00e9 en rendant l'installation plus facile que jamais. Gr\u00e2ce \u00e0 la fente \u00e9largie, l'alignement se fait sans effort. Il suffit d'ins\u00e9rer le verre et de l'ajuster selon les besoins, \u00e0 l'aide du joint fourni. (Pour un verre de 12 mm, un seul joint est n\u00e9cessaire.) Ensuite, serrez la vis \u00e0 six pans creux en place.  L'ajout d'un dispositif de mise \u00e0 la terre sur la base de l'embout garantit la conformit\u00e9 avec les exigences sp\u00e9cifiques de mise \u00e0 la terre.  \u00c9quip\u00e9 de quatre vis de r\u00e9glage de niveau et d'une plaque en acier inoxydable, cet embout simplifie l'alignement et la mise \u00e0 niveau de plusieurs panneaux de verre sans effort. Notre nouvelle plaque de pression r\u00e9glable simplifie l'aplomb du verre - serrez la vis sans t\u00eate sup\u00e9rieure pour incliner le verre vers l'int\u00e9rieur et la vis sans t\u00eate inf\u00e9rieure pour l'incliner vers l'ext\u00e9rieur.  En outre, la rampe peut \u00eatre cal\u00e9e au niveau du verre pour en r\u00e9gler la hauteur. Chaque paquet comprend des cales de r\u00e9glage, ce qui permet d'ajuster la hauteur du verre jusqu'\u00e0 \u00bd \u00bb.  Fabriqu\u00e9 \u00e0 partir d'un alliage d'acier inoxydable Duplex 2205 de la plus haute qualit\u00e9, cet alliage anticorrosion de qualit\u00e9 marine est r\u00e9put\u00e9 pour sa solidit\u00e9 sup\u00e9rieure et sa r\u00e9sistance \u00e0 la corrosion dans les environnements ext\u00e9rieurs difficiles. Nous sommes fiers de fournir la meilleure qualit\u00e9 d'acier inoxydable sur le march\u00e9. Notre acier inoxydable Duplex 2205, alli\u00e9 \u00e0 22 % de chrome, 3 % de molybd\u00e8ne et 5 \u00e0 6 % de nickel, offre une r\u00e9sistance sup\u00e9rieure \u00e0 la corrosion et une limite d'\u00e9lasticit\u00e9 plus de deux fois sup\u00e9rieure \u00e0 celle de l'acier inoxydable aust\u00e9nitique standard.  Nos syst\u00e8mes de garde-corps en verre sans cadre sont con\u00e7us pour offrir une s\u00e9curit\u00e9 maximale, et nous avons pris toutes les mesures n\u00e9cessaires pour nous assurer qu'ils respectent ou d\u00e9passent les normes d'ing\u00e9nierie les plus strictes. L'embout en acier inoxydable Duplex GS 2205 avec vis de r\u00e9glage de niveau a \u00e9t\u00e9 soumis \u00e0 des tests rigoureux et a pass\u00e9 avec succ\u00e8s les tests de charge d'ing\u00e9nierie pour de nombreux codes de construction. Vous pouvez avoir confiance en la qualit\u00e9 et la fiabilit\u00e9 de nos produits. Contactez-nous d\u00e8s aujourd'hui pour plus d'informations et faites le premier pas vers l'am\u00e9lioration de votre syst\u00e8me de garde-corps pour atteindre le plus haut niveau de s\u00fbret\u00e9 et de s\u00e9curit\u00e9.  Choisissez entre une finition en acier inoxydable poli (bross\u00e9) ou une finition lisse en noir mat, avec un rev\u00eatement en poudre appliqu\u00e9 \u00e9lectrostatiquement et durci au four pour une surface r\u00e9sistante aux rayures et prot\u00e9g\u00e9e contre les intemp\u00e9ries. Id\u00e9al pour les applications int\u00e9rieures et ext\u00e9rieures, il offre une excellente r\u00e9sistance \u00e0 la corrosion, ce qui le rend parfait pour les structures pr\u00e9sentant un degr\u00e9 \u00e9lev\u00e9 de corrosion, telles que les r\u00e9gions c\u00f4ti\u00e8res et les piscines.  Am\u00e9liorez votre installation de panneaux de verre avec notre embout de montage en surface en acier inoxydable Duplex GS 2205 avec vis de r\u00e9glage de niveau, la combinaison parfaite de la fonctionnalit\u00e9 et du style. CARACT\u00c9RISTIQUES TECHNIQUES    Safety Glass Thickness 3\/8\u201d (10 mm) to 9\/16\u201d (13.5 mm) glass panels   Color\/Finish Polished Stainless Steel, Matte Black   Manufacturing Material Duplex 2205 Stainless Steel   Recommended Location Usage Interior, Exterior    &nbsp;","og_url":"https:\/\/glassupply.dev\/fr\/produit\/gs-2205-duplex-stainless-steel-surface-mount-spigot\/","og_site_name":"Glassupply.com","article_modified_time":"2025-06-03T11:53:12+00:00","og_image":[{"width":2000,"height":2000,"url":"https:\/\/glassupply.dev\/wp-content\/uploads\/2024\/03\/R-SP-2205-1SS_2-1.webp","type":"image\/webp"}],"twitter_card":"summary_large_image","twitter_misc":{"Dur\u00e9e de lecture estim\u00e9e":"1 minute"},"schema":{"@context":"https:\/\/schema.org","@graph":[{"@type":["WebPage","ItemPage"],"@id":"https:\/\/glassupply.dev\/fr\/produit\/gs-2205-duplex-stainless-steel-surface-mount-spigot\/","url":"https:\/\/glassupply.dev\/fr\/produit\/gs-2205-duplex-stainless-steel-surface-mount-spigot\/","name":"GS 2205 Duplex en acier inoxydable Embout pour montage en surface - Glassupply.com","isPartOf":{"@id":"https:\/\/glassupply.dev\/#website"},"primaryImageOfPage":{"@id":"https:\/\/glassupply.dev\/fr\/produit\/gs-2205-duplex-stainless-steel-surface-mount-spigot\/#primaryimage"},"image":{"@id":"https:\/\/glassupply.dev\/fr\/produit\/gs-2205-duplex-stainless-steel-surface-mount-spigot\/#primaryimage"},"thumbnailUrl":"https:\/\/glassupply.dev\/wp-content\/uploads\/2024\/03\/R-SP-2205-1SS_2-1.webp","datePublished":"2024-03-28T07:37:55+00:00","dateModified":"2025-06-03T11:53:12+00:00","breadcrumb":{"@id":"https:\/\/glassupply.dev\/fr\/produit\/gs-2205-duplex-stainless-steel-surface-mount-spigot\/#breadcrumb"},"inLanguage":"fr-FR","potentialAction":[{"@type":"ReadAction","target":["https:\/\/glassupply.dev\/fr\/produit\/gs-2205-duplex-stainless-steel-surface-mount-spigot\/"]}]},{"@type":"ImageObject","inLanguage":"fr-FR","@id":"https:\/\/glassupply.dev\/fr\/produit\/gs-2205-duplex-stainless-steel-surface-mount-spigot\/#primaryimage","url":"https:\/\/glassupply.dev\/wp-content\/uploads\/2024\/03\/R-SP-2205-1SS_2-1.webp","contentUrl":"https:\/\/glassupply.dev\/wp-content\/uploads\/2024\/03\/R-SP-2205-1SS_2-1.webp","width":2000,"height":2000},{"@type":"BreadcrumbList","@id":"https:\/\/glassupply.dev\/fr\/produit\/gs-2205-duplex-stainless-steel-surface-mount-spigot\/#breadcrumb","itemListElement":[{"@type":"ListItem","position":1,"name":"Home","item":"https:\/\/glassupply.dev\/fr\/"},{"@type":"ListItem","position":2,"name":"Shop","item":"https:\/\/glassupply.dev\/fr\/shop\/"},{"@type":"ListItem","position":3,"name":"GS 2205 Duplex en acier inoxydable Embout pour montage en surface"}]},{"@type":"WebSite","@id":"https:\/\/glassupply.dev\/#website","url":"https:\/\/glassupply.dev\/","name":"Glassupply.com","description":"From the manufacturer to your doorstep","publisher":{"@id":"https:\/\/glassupply.dev\/#organization"},"potentialAction":[{"@type":"SearchAction","target":{"@type":"EntryPoint","urlTemplate":"https:\/\/glassupply.dev\/?s={search_term_string}"},"query-input":{"@type":"PropertyValueSpecification","valueRequired":true,"valueName":"search_term_string"}}],"inLanguage":"fr-FR"},{"@type":"Organization","@id":"https:\/\/glassupply.dev\/#organization","name":"Glassupply.com","url":"https:\/\/glassupply.dev\/","logo":{"@type":"ImageObject","inLanguage":"fr-FR","@id":"https:\/\/glassupply.dev\/#\/schema\/logo\/image\/","url":"https:\/\/glassupply.dev\/wp-content\/uploads\/2023\/07\/logo.svg","contentUrl":"https:\/\/glassupply.dev\/wp-content\/uploads\/2023\/07\/logo.svg","width":310,"height":24,"caption":"Glassupply.com"},"image":{"@id":"https:\/\/glassupply.dev\/#\/schema\/logo\/image\/"}}]}},"_links":{"self":[{"href":"https:\/\/glassupply.dev\/fr\/wp-json\/wp\/v2\/product\/5325","targetHints":{"allow":["GET"]}}],"collection":[{"href":"https:\/\/glassupply.dev\/fr\/wp-json\/wp\/v2\/product"}],"about":[{"href":"https:\/\/glassupply.dev\/fr\/wp-json\/wp\/v2\/types\/product"}],"replies":[{"embeddable":true,"href":"https:\/\/glassupply.dev\/fr\/wp-json\/wp\/v2\/comments?post=5325"}],"wp:featuredmedia":[{"embeddable":true,"href":"https:\/\/glassupply.dev\/fr\/wp-json\/wp\/v2\/media\/5295"}],"wp:attachment":[{"href":"https:\/\/glassupply.dev\/fr\/wp-json\/wp\/v2\/media?parent=5325"}],"wp:term":[{"taxonomy":"product_brand","embeddable":true,"href":"https:\/\/glassupply.dev\/fr\/wp-json\/wp\/v2\/product_brand?post=5325"},{"taxonomy":"product_cat","embeddable":true,"href":"https:\/\/glassupply.dev\/fr\/wp-json\/wp\/v2\/product_cat?post=5325"},{"taxonomy":"product_tag","embeddable":true,"href":"https:\/\/glassupply.dev\/fr\/wp-json\/wp\/v2\/product_tag?post=5325"}],"curies":[{"name":"wp","href":"https:\/\/api.w.org\/{rel}","templated":true}]}}