{"id":2372,"date":"2023-06-28T09:25:55","date_gmt":"2023-06-28T14:25:55","guid":{"rendered":"https:\/\/glassupply.dev\/product\/square-glass-to-wall-clamp\/"},"modified":"2025-06-03T06:59:35","modified_gmt":"2025-06-03T11:59:35","slug":"square-glass-to-wall-clamp","status":"publish","type":"product","link":"https:\/\/glassupply.dev\/fr\/produit\/square-glass-to-wall-clamp\/","title":{"rendered":"Pince carr\u00e9e pour verre et mur"},"content":{"rendered":"","protected":false},"excerpt":{"rendered":"<div>La pince 90\u00b0 Sleeve Over Glass est sp\u00e9cialement con\u00e7ue pour fixer solidement deux panneaux de verre fixes formant un angle de 90 degr\u00e9s. Ces colliers ne n\u00e9cessitent pas de fabrication sp\u00e9ciale du verre. Il est fortement recommand\u00e9 d&rsquo;appliquer un mastic silicone pour sceller l&rsquo;angle verre-verre, afin d&rsquo;assurer une liaison efficace qui emp\u00eache les fuites d&rsquo;eau et fixe fermement les panneaux ensemble. Les pinces sont solidement fix\u00e9es \u00e0 l&rsquo;aide de vis Allen \u00e0 pointe en nylon.<\/div>\n<div><\/div>\n<div>Notre processus de finition de la quincaillerie de douche comprend trois m\u00e9thodes diff\u00e9rentes, chacune permettant d&rsquo;obtenir une finition durable, r\u00e9sistante \u00e0 la corrosion et visuellement attrayante. Ces m\u00e9thodes comprennent l&rsquo;\u00e9lectrophor\u00e8se (noir mat), le chromage (chrome) et le nickelage (nickel bross\u00e9). Quelle que soit l&rsquo;option choisie, notre processus de finition de la quincaillerie garantit une finition magnifique et durable qui r\u00e9pond aux normes industrielles les plus strictes en mati\u00e8re de qualit\u00e9 et de durabilit\u00e9, offrant des performances et un attrait visuel exceptionnels.<\/div>\n<div><\/div>\n<h2>SP\u00c9CIFICATIONS TECHNIQUES<\/h2>\n<table>\n<tbody>\n<tr>\n<td>\u00c9paisseur du verre de s\u00e9curit\u00e9<\/td>\n<td>5\/16\u00ab\u00a0 (8 mm) \u00e0 1\/2 \u00bb (12 mm)<\/td>\n<\/tr>\n<tr>\n<td>Couleur\/Finition<\/td>\n<td>Chrome, Nickel bross\u00e9, Noir mat<\/td>\n<\/tr>\n<tr>\n<td>Mat\u00e9riau de fabrication<\/td>\n<td>Laiton massif<\/td>\n<\/tr>\n<\/tbody>\n<\/table>\n<div id=\"gtx-trans\" style=\"position: absolute; left: 224px; top: 248px;\">\n<div class=\"gtx-trans-icon\"><\/div>\n<\/div>\n","protected":false},"featured_media":1574,"comment_status":"closed","ping_status":"closed","template":"","meta":{"_acf_changed":false,"_crosspost_to_5":false,"_crosspost_to_6":false,"_crosspost_to_8":false,"inline_featured_image":false},"product_brand":[],"product_cat":[73],"product_tag":[],"class_list":{"0":"post-2372","1":"product","2":"type-product","3":"status-publish","4":"has-post-thumbnail","6":"product_cat-shower-hardware-fr","8":"first","9":"instock","10":"taxable","11":"shipping-taxable","12":"purchasable","13":"product-type-variable","14":"has-default-attributes"},"acf":[],"yoast_head":"<!-- This site is optimized with the Yoast SEO plugin v27.4 - https:\/\/yoast.com\/product\/yoast-seo-wordpress\/ -->\n<title>Pince carr\u00e9e pour verre et mur - Glassupply.com<\/title>\n<meta name=\"robots\" content=\"noindex, follow, max-snippet:-1, max-image-preview:large, max-video-preview:-1\" \/>\n<meta property=\"og:locale\" content=\"fr_FR\" \/>\n<meta property=\"og:type\" content=\"article\" \/>\n<meta property=\"og:title\" content=\"Pince carr\u00e9e pour verre et mur - Glassupply.com\" \/>\n<meta property=\"og:description\" content=\"La pince 90\u00b0 Sleeve Over Glass est sp\u00e9cialement con\u00e7ue pour fixer solidement deux panneaux de verre fixes formant un angle de 90 degr\u00e9s. Ces colliers ne n\u00e9cessitent pas de fabrication sp\u00e9ciale du verre. Il est fortement recommand\u00e9 d&#039;appliquer un mastic silicone pour sceller l&#039;angle verre-verre, afin d&#039;assurer une liaison efficace qui emp\u00eache les fuites d&#039;eau et fixe fermement les panneaux ensemble. Les pinces sont solidement fix\u00e9es \u00e0 l&#039;aide de vis Allen \u00e0 pointe en nylon.  Notre processus de finition de la quincaillerie de douche comprend trois m\u00e9thodes diff\u00e9rentes, chacune permettant d&#039;obtenir une finition durable, r\u00e9sistante \u00e0 la corrosion et visuellement attrayante. Ces m\u00e9thodes comprennent l&#039;\u00e9lectrophor\u00e8se (noir mat), le chromage (chrome) et le nickelage (nickel bross\u00e9). Quelle que soit l&#039;option choisie, notre processus de finition de la quincaillerie garantit une finition magnifique et durable qui r\u00e9pond aux normes industrielles les plus strictes en mati\u00e8re de qualit\u00e9 et de durabilit\u00e9, offrant des performances et un attrait visuel exceptionnels.  SP\u00c9CIFICATIONS TECHNIQUES    \u00c9paisseur du verre de s\u00e9curit\u00e9 5\/16\u00ab\u00a0 (8 mm) \u00e0 1\/2 \u00bb (12 mm)   Couleur\/Finition Chrome, Nickel bross\u00e9, Noir mat   Mat\u00e9riau de fabrication Laiton massif\" \/>\n<meta property=\"og:url\" content=\"https:\/\/glassupply.dev\/fr\/produit\/square-glass-to-wall-clamp\/\" \/>\n<meta property=\"og:site_name\" content=\"Glassupply.com\" \/>\n<meta property=\"article:modified_time\" content=\"2025-06-03T11:59:35+00:00\" \/>\n<meta property=\"og:image\" content=\"https:\/\/glassupply.dev\/wp-content\/uploads\/2023\/06\/S-CL-SCCH-Product-Image.webp\" \/>\n\t<meta property=\"og:image:width\" content=\"1000\" \/>\n\t<meta property=\"og:image:height\" content=\"1000\" \/>\n\t<meta property=\"og:image:type\" content=\"image\/webp\" \/>\n<meta name=\"twitter:card\" content=\"summary_large_image\" \/>\n<meta name=\"twitter:label1\" content=\"Dur\u00e9e de lecture estim\u00e9e\" \/>\n\t<meta name=\"twitter:data1\" content=\"1 minute\" \/>\n<script type=\"application\/ld+json\" class=\"yoast-schema-graph\">{\"@context\":\"https:\\\/\\\/schema.org\",\"@graph\":[{\"@type\":[\"WebPage\",\"ItemPage\"],\"@id\":\"https:\\\/\\\/glassupply.dev\\\/fr\\\/produit\\\/square-glass-to-wall-clamp\\\/\",\"url\":\"https:\\\/\\\/glassupply.dev\\\/fr\\\/produit\\\/square-glass-to-wall-clamp\\\/\",\"name\":\"Pince carr\u00e9e pour verre et mur - Glassupply.com\",\"isPartOf\":{\"@id\":\"https:\\\/\\\/glassupply.dev\\\/#website\"},\"primaryImageOfPage\":{\"@id\":\"https:\\\/\\\/glassupply.dev\\\/fr\\\/produit\\\/square-glass-to-wall-clamp\\\/#primaryimage\"},\"image\":{\"@id\":\"https:\\\/\\\/glassupply.dev\\\/fr\\\/produit\\\/square-glass-to-wall-clamp\\\/#primaryimage\"},\"thumbnailUrl\":\"https:\\\/\\\/glassupply.dev\\\/wp-content\\\/uploads\\\/2023\\\/06\\\/S-CL-SCCH-Product-Image.webp\",\"datePublished\":\"2023-06-28T14:25:55+00:00\",\"dateModified\":\"2025-06-03T11:59:35+00:00\",\"breadcrumb\":{\"@id\":\"https:\\\/\\\/glassupply.dev\\\/fr\\\/produit\\\/square-glass-to-wall-clamp\\\/#breadcrumb\"},\"inLanguage\":\"fr-FR\",\"potentialAction\":[{\"@type\":\"ReadAction\",\"target\":[\"https:\\\/\\\/glassupply.dev\\\/fr\\\/produit\\\/square-glass-to-wall-clamp\\\/\"]}]},{\"@type\":\"ImageObject\",\"inLanguage\":\"fr-FR\",\"@id\":\"https:\\\/\\\/glassupply.dev\\\/fr\\\/produit\\\/square-glass-to-wall-clamp\\\/#primaryimage\",\"url\":\"https:\\\/\\\/glassupply.dev\\\/wp-content\\\/uploads\\\/2023\\\/06\\\/S-CL-SCCH-Product-Image.webp\",\"contentUrl\":\"https:\\\/\\\/glassupply.dev\\\/wp-content\\\/uploads\\\/2023\\\/06\\\/S-CL-SCCH-Product-Image.webp\",\"width\":1000,\"height\":1000},{\"@type\":\"BreadcrumbList\",\"@id\":\"https:\\\/\\\/glassupply.dev\\\/fr\\\/produit\\\/square-glass-to-wall-clamp\\\/#breadcrumb\",\"itemListElement\":[{\"@type\":\"ListItem\",\"position\":1,\"name\":\"Home\",\"item\":\"https:\\\/\\\/glassupply.dev\\\/fr\\\/\"},{\"@type\":\"ListItem\",\"position\":2,\"name\":\"Shop\",\"item\":\"https:\\\/\\\/glassupply.dev\\\/fr\\\/shop\\\/\"},{\"@type\":\"ListItem\",\"position\":3,\"name\":\"Pince carr\u00e9e pour verre et mur\"}]},{\"@type\":\"WebSite\",\"@id\":\"https:\\\/\\\/glassupply.dev\\\/#website\",\"url\":\"https:\\\/\\\/glassupply.dev\\\/\",\"name\":\"Glassupply.com\",\"description\":\"From the manufacturer to your doorstep\",\"publisher\":{\"@id\":\"https:\\\/\\\/glassupply.dev\\\/#organization\"},\"potentialAction\":[{\"@type\":\"SearchAction\",\"target\":{\"@type\":\"EntryPoint\",\"urlTemplate\":\"https:\\\/\\\/glassupply.dev\\\/?s={search_term_string}\"},\"query-input\":{\"@type\":\"PropertyValueSpecification\",\"valueRequired\":true,\"valueName\":\"search_term_string\"}}],\"inLanguage\":\"fr-FR\"},{\"@type\":\"Organization\",\"@id\":\"https:\\\/\\\/glassupply.dev\\\/#organization\",\"name\":\"Glassupply.com\",\"url\":\"https:\\\/\\\/glassupply.dev\\\/\",\"logo\":{\"@type\":\"ImageObject\",\"inLanguage\":\"fr-FR\",\"@id\":\"https:\\\/\\\/glassupply.dev\\\/#\\\/schema\\\/logo\\\/image\\\/\",\"url\":\"https:\\\/\\\/glassupply.dev\\\/wp-content\\\/uploads\\\/2023\\\/07\\\/logo.svg\",\"contentUrl\":\"https:\\\/\\\/glassupply.dev\\\/wp-content\\\/uploads\\\/2023\\\/07\\\/logo.svg\",\"width\":310,\"height\":24,\"caption\":\"Glassupply.com\"},\"image\":{\"@id\":\"https:\\\/\\\/glassupply.dev\\\/#\\\/schema\\\/logo\\\/image\\\/\"}}]}<\/script>\n<!-- \/ Yoast SEO plugin. -->","yoast_head_json":{"title":"Pince carr\u00e9e pour verre et mur - Glassupply.com","robots":{"index":"noindex","follow":"follow","max-snippet":"max-snippet:-1","max-image-preview":"max-image-preview:large","max-video-preview":"max-video-preview:-1"},"og_locale":"fr_FR","og_type":"article","og_title":"Pince carr\u00e9e pour verre et mur - Glassupply.com","og_description":"La pince 90\u00b0 Sleeve Over Glass est sp\u00e9cialement con\u00e7ue pour fixer solidement deux panneaux de verre fixes formant un angle de 90 degr\u00e9s. Ces colliers ne n\u00e9cessitent pas de fabrication sp\u00e9ciale du verre. Il est fortement recommand\u00e9 d'appliquer un mastic silicone pour sceller l'angle verre-verre, afin d'assurer une liaison efficace qui emp\u00eache les fuites d'eau et fixe fermement les panneaux ensemble. Les pinces sont solidement fix\u00e9es \u00e0 l'aide de vis Allen \u00e0 pointe en nylon.  Notre processus de finition de la quincaillerie de douche comprend trois m\u00e9thodes diff\u00e9rentes, chacune permettant d'obtenir une finition durable, r\u00e9sistante \u00e0 la corrosion et visuellement attrayante. Ces m\u00e9thodes comprennent l'\u00e9lectrophor\u00e8se (noir mat), le chromage (chrome) et le nickelage (nickel bross\u00e9). Quelle que soit l'option choisie, notre processus de finition de la quincaillerie garantit une finition magnifique et durable qui r\u00e9pond aux normes industrielles les plus strictes en mati\u00e8re de qualit\u00e9 et de durabilit\u00e9, offrant des performances et un attrait visuel exceptionnels.  SP\u00c9CIFICATIONS TECHNIQUES    \u00c9paisseur du verre de s\u00e9curit\u00e9 5\/16\u00ab\u00a0 (8 mm) \u00e0 1\/2 \u00bb (12 mm)   Couleur\/Finition Chrome, Nickel bross\u00e9, Noir mat   Mat\u00e9riau de fabrication Laiton massif","og_url":"https:\/\/glassupply.dev\/fr\/produit\/square-glass-to-wall-clamp\/","og_site_name":"Glassupply.com","article_modified_time":"2025-06-03T11:59:35+00:00","og_image":[{"width":1000,"height":1000,"url":"https:\/\/glassupply.dev\/wp-content\/uploads\/2023\/06\/S-CL-SCCH-Product-Image.webp","type":"image\/webp"}],"twitter_card":"summary_large_image","twitter_misc":{"Dur\u00e9e de lecture estim\u00e9e":"1 minute"},"schema":{"@context":"https:\/\/schema.org","@graph":[{"@type":["WebPage","ItemPage"],"@id":"https:\/\/glassupply.dev\/fr\/produit\/square-glass-to-wall-clamp\/","url":"https:\/\/glassupply.dev\/fr\/produit\/square-glass-to-wall-clamp\/","name":"Pince carr\u00e9e pour verre et mur - Glassupply.com","isPartOf":{"@id":"https:\/\/glassupply.dev\/#website"},"primaryImageOfPage":{"@id":"https:\/\/glassupply.dev\/fr\/produit\/square-glass-to-wall-clamp\/#primaryimage"},"image":{"@id":"https:\/\/glassupply.dev\/fr\/produit\/square-glass-to-wall-clamp\/#primaryimage"},"thumbnailUrl":"https:\/\/glassupply.dev\/wp-content\/uploads\/2023\/06\/S-CL-SCCH-Product-Image.webp","datePublished":"2023-06-28T14:25:55+00:00","dateModified":"2025-06-03T11:59:35+00:00","breadcrumb":{"@id":"https:\/\/glassupply.dev\/fr\/produit\/square-glass-to-wall-clamp\/#breadcrumb"},"inLanguage":"fr-FR","potentialAction":[{"@type":"ReadAction","target":["https:\/\/glassupply.dev\/fr\/produit\/square-glass-to-wall-clamp\/"]}]},{"@type":"ImageObject","inLanguage":"fr-FR","@id":"https:\/\/glassupply.dev\/fr\/produit\/square-glass-to-wall-clamp\/#primaryimage","url":"https:\/\/glassupply.dev\/wp-content\/uploads\/2023\/06\/S-CL-SCCH-Product-Image.webp","contentUrl":"https:\/\/glassupply.dev\/wp-content\/uploads\/2023\/06\/S-CL-SCCH-Product-Image.webp","width":1000,"height":1000},{"@type":"BreadcrumbList","@id":"https:\/\/glassupply.dev\/fr\/produit\/square-glass-to-wall-clamp\/#breadcrumb","itemListElement":[{"@type":"ListItem","position":1,"name":"Home","item":"https:\/\/glassupply.dev\/fr\/"},{"@type":"ListItem","position":2,"name":"Shop","item":"https:\/\/glassupply.dev\/fr\/shop\/"},{"@type":"ListItem","position":3,"name":"Pince carr\u00e9e pour verre et mur"}]},{"@type":"WebSite","@id":"https:\/\/glassupply.dev\/#website","url":"https:\/\/glassupply.dev\/","name":"Glassupply.com","description":"From the manufacturer to your doorstep","publisher":{"@id":"https:\/\/glassupply.dev\/#organization"},"potentialAction":[{"@type":"SearchAction","target":{"@type":"EntryPoint","urlTemplate":"https:\/\/glassupply.dev\/?s={search_term_string}"},"query-input":{"@type":"PropertyValueSpecification","valueRequired":true,"valueName":"search_term_string"}}],"inLanguage":"fr-FR"},{"@type":"Organization","@id":"https:\/\/glassupply.dev\/#organization","name":"Glassupply.com","url":"https:\/\/glassupply.dev\/","logo":{"@type":"ImageObject","inLanguage":"fr-FR","@id":"https:\/\/glassupply.dev\/#\/schema\/logo\/image\/","url":"https:\/\/glassupply.dev\/wp-content\/uploads\/2023\/07\/logo.svg","contentUrl":"https:\/\/glassupply.dev\/wp-content\/uploads\/2023\/07\/logo.svg","width":310,"height":24,"caption":"Glassupply.com"},"image":{"@id":"https:\/\/glassupply.dev\/#\/schema\/logo\/image\/"}}]}},"_links":{"self":[{"href":"https:\/\/glassupply.dev\/fr\/wp-json\/wp\/v2\/product\/2372","targetHints":{"allow":["GET"]}}],"collection":[{"href":"https:\/\/glassupply.dev\/fr\/wp-json\/wp\/v2\/product"}],"about":[{"href":"https:\/\/glassupply.dev\/fr\/wp-json\/wp\/v2\/types\/product"}],"replies":[{"embeddable":true,"href":"https:\/\/glassupply.dev\/fr\/wp-json\/wp\/v2\/comments?post=2372"}],"wp:featuredmedia":[{"embeddable":true,"href":"https:\/\/glassupply.dev\/fr\/wp-json\/wp\/v2\/media\/1574"}],"wp:attachment":[{"href":"https:\/\/glassupply.dev\/fr\/wp-json\/wp\/v2\/media?parent=2372"}],"wp:term":[{"taxonomy":"product_brand","embeddable":true,"href":"https:\/\/glassupply.dev\/fr\/wp-json\/wp\/v2\/product_brand?post=2372"},{"taxonomy":"product_cat","embeddable":true,"href":"https:\/\/glassupply.dev\/fr\/wp-json\/wp\/v2\/product_cat?post=2372"},{"taxonomy":"product_tag","embeddable":true,"href":"https:\/\/glassupply.dev\/fr\/wp-json\/wp\/v2\/product_tag?post=2372"}],"curies":[{"name":"wp","href":"https:\/\/api.w.org\/{rel}","templated":true}]}}